{"id":403,"date":"2021-05-28T10:01:37","date_gmt":"2021-05-28T10:01:37","guid":{"rendered":"https:\/\/guepardonline.fr\/wp\/?page_id=403"},"modified":"2021-05-28T10:03:02","modified_gmt":"2021-05-28T10:03:02","slug":"contactez-nous","status":"publish","type":"page","link":"https:\/\/guepardonline.fr\/wp\/contactez-nous\/","title":{"rendered":"Contactez nous!"},"content":{"rendered":"\n<p>Pour plus d&rsquo;informations sur notre association, sur les activit\u00e9s que nous organisons, sortie circuit, rallye historique des routes du Vexin, r\u00e9unions, ou pour vous inscrire, n&rsquo;h\u00e9sitez pas \u00e0 nous contacter!<\/p>\n\n\n\n<div class=\"wpcf7 no-js\" id=\"wpcf7-f401-o1\" lang=\"fr-FR\" dir=\"ltr\" data-wpcf7-id=\"401\">\n<div class=\"screen-reader-response\"><p role=\"status\" aria-live=\"polite\" aria-atomic=\"true\"><\/p> <ul><\/ul><\/div>\n<form action=\"\/wp\/wp-json\/wp\/v2\/pages\/403#wpcf7-f401-o1\" method=\"post\" class=\"wpcf7-form init\" aria-label=\"Formulaire de contact\" novalidate=\"novalidate\" data-status=\"init\">\n<fieldset class=\"hidden-fields-container\"><input type=\"hidden\" name=\"_wpcf7\" value=\"401\" \/><input type=\"hidden\" name=\"_wpcf7_version\" value=\"6.1.4\" \/><input type=\"hidden\" name=\"_wpcf7_locale\" value=\"fr_FR\" \/><input type=\"hidden\" name=\"_wpcf7_unit_tag\" value=\"wpcf7-f401-o1\" \/><input type=\"hidden\" name=\"_wpcf7_container_post\" value=\"0\" \/><input type=\"hidden\" name=\"_wpcf7_posted_data_hash\" value=\"\" \/>\n<\/fieldset>\n<p><label> Votre nom<br \/>\n<span class=\"wpcf7-form-control-wrap\" data-name=\"your-name\"><input size=\"40\" maxlength=\"400\" class=\"wpcf7-form-control wpcf7-text wpcf7-validates-as-required\" aria-required=\"true\" aria-invalid=\"false\" value=\"\" type=\"text\" name=\"your-name\" \/><\/span> <\/label>\n<\/p>\n<p><label> Votre e-mail<br \/>\n<span class=\"wpcf7-form-control-wrap\" data-name=\"your-email\"><input size=\"40\" maxlength=\"400\" class=\"wpcf7-form-control wpcf7-email wpcf7-validates-as-required wpcf7-text wpcf7-validates-as-email\" aria-required=\"true\" aria-invalid=\"false\" value=\"\" type=\"email\" name=\"your-email\" \/><\/span> <\/label>\n<\/p>\n<p><label> Objet<br \/>\n<span class=\"wpcf7-form-control-wrap\" data-name=\"your-subject\"><input size=\"40\" maxlength=\"400\" class=\"wpcf7-form-control wpcf7-text wpcf7-validates-as-required\" aria-required=\"true\" aria-invalid=\"false\" value=\"\" type=\"text\" name=\"your-subject\" \/><\/span> <\/label>\n<\/p>\n<p><label> Votre message<br \/>\n<span class=\"wpcf7-form-control-wrap\" data-name=\"your-message\"><textarea cols=\"40\" rows=\"10\" maxlength=\"2000\" class=\"wpcf7-form-control wpcf7-textarea wpcf7-validates-as-required\" aria-required=\"true\" aria-invalid=\"false\" name=\"your-message\"><\/textarea><\/span> <\/label>\n<\/p>\n<p>Afin de limiter le spam merci de r\u00e9pondre \u00e0 cette question\n<\/p>\n<p><span class=\"wpcf7-form-control-wrap\" data-name=\"random-capital-quiz\"><label><span class=\"wpcf7-quiz-label\">Le gu\u00e9pard est un f\u00e9lin oui ou non?<\/span> <input size=\"40\" class=\"wpcf7-form-control wpcf7-quiz\" autocomplete=\"off\" aria-required=\"true\" aria-invalid=\"false\" type=\"text\" name=\"random-capital-quiz\" \/><\/label><input type=\"hidden\" name=\"_wpcf7_quiz_answer_random-capital-quiz\" value=\"2371a12f9efa9146290743b73d24d28f\" \/><\/span>\n<\/p>\n<p><input class=\"wpcf7-form-control wpcf7-submit has-spinner\" type=\"submit\" value=\"Envoyer\" \/>\n<\/p><div class=\"wpcf7-response-output\" aria-hidden=\"true\"><\/div>\n<\/form>\n<\/div>\n\n\n\n\n<p><\/p>\n","protected":false},"excerpt":{"rendered":"<p>Pour plus d&rsquo;informations sur notre association, sur les activit\u00e9s que nous organisons, sortie circuit, rallye historique des routes du Vexin, r\u00e9unions, ou pour vous inscrire, &hellip; <\/p>\n","protected":false},"author":1,"featured_media":0,"parent":0,"menu_order":0,"comment_status":"closed","ping_status":"closed","template":"","meta":{"footnotes":""},"class_list":["post-403","page","type-page","status-publish","hentry"],"yoast_head":"<!-- This site is optimized with the Yoast SEO plugin v26.5 - https:\/\/yoast.com\/wordpress\/plugins\/seo\/ -->\n<title>Contactez nous! - Ecurie Gu\u00e9pard<\/title>\n<meta name=\"robots\" content=\"index, follow, max-snippet:-1, max-image-preview:large, max-video-preview:-1\" \/>\n<link rel=\"canonical\" href=\"https:\/\/guepardonline.fr\/wp\/contactez-nous\/\" \/>\n<meta property=\"og:locale\" content=\"fr_FR\" \/>\n<meta property=\"og:type\" content=\"article\" \/>\n<meta property=\"og:title\" content=\"Contactez nous! - Ecurie Gu\u00e9pard\" \/>\n<meta property=\"og:description\" content=\"Pour plus d&rsquo;informations sur notre association, sur les activit\u00e9s que nous organisons, sortie circuit, rallye historique des routes du Vexin, r\u00e9unions, ou pour vous inscrire, &hellip;\" \/>\n<meta property=\"og:url\" content=\"https:\/\/guepardonline.fr\/wp\/contactez-nous\/\" \/>\n<meta property=\"og:site_name\" content=\"Ecurie Gu\u00e9pard\" \/>\n<meta property=\"article:modified_time\" content=\"2021-05-28T10:03:02+00:00\" \/>\n<meta name=\"twitter:card\" content=\"summary_large_image\" \/>\n<script type=\"application\/ld+json\" class=\"yoast-schema-graph\">{\"@context\":\"https:\/\/schema.org\",\"@graph\":[{\"@type\":\"WebPage\",\"@id\":\"https:\/\/guepardonline.fr\/wp\/contactez-nous\/\",\"url\":\"https:\/\/guepardonline.fr\/wp\/contactez-nous\/\",\"name\":\"Contactez nous! - Ecurie Gu\u00e9pard\",\"isPartOf\":{\"@id\":\"https:\/\/guepardonline.fr\/wp\/#website\"},\"datePublished\":\"2021-05-28T10:01:37+00:00\",\"dateModified\":\"2021-05-28T10:03:02+00:00\",\"breadcrumb\":{\"@id\":\"https:\/\/guepardonline.fr\/wp\/contactez-nous\/#breadcrumb\"},\"inLanguage\":\"fr-FR\",\"potentialAction\":[{\"@type\":\"ReadAction\",\"target\":[\"https:\/\/guepardonline.fr\/wp\/contactez-nous\/\"]}]},{\"@type\":\"BreadcrumbList\",\"@id\":\"https:\/\/guepardonline.fr\/wp\/contactez-nous\/#breadcrumb\",\"itemListElement\":[{\"@type\":\"ListItem\",\"position\":1,\"name\":\"Accueil\",\"item\":\"https:\/\/guepardonline.fr\/wp\/\"},{\"@type\":\"ListItem\",\"position\":2,\"name\":\"Contactez nous!\"}]},{\"@type\":\"WebSite\",\"@id\":\"https:\/\/guepardonline.fr\/wp\/#website\",\"url\":\"https:\/\/guepardonline.fr\/wp\/\",\"name\":\"Ecurie Gu\u00e9pard\",\"description\":\"L&#039;actualit\u00e9 de l&#039;association sportive automobile Ecurie Gu\u00e9pard\",\"potentialAction\":[{\"@type\":\"SearchAction\",\"target\":{\"@type\":\"EntryPoint\",\"urlTemplate\":\"https:\/\/guepardonline.fr\/wp\/?s={search_term_string}\"},\"query-input\":{\"@type\":\"PropertyValueSpecification\",\"valueRequired\":true,\"valueName\":\"search_term_string\"}}],\"inLanguage\":\"fr-FR\"}]}<\/script>\n<!-- \/ Yoast SEO plugin. -->","yoast_head_json":{"title":"Contactez nous! - Ecurie Gu\u00e9pard","robots":{"index":"index","follow":"follow","max-snippet":"max-snippet:-1","max-image-preview":"max-image-preview:large","max-video-preview":"max-video-preview:-1"},"canonical":"https:\/\/guepardonline.fr\/wp\/contactez-nous\/","og_locale":"fr_FR","og_type":"article","og_title":"Contactez nous! - Ecurie Gu\u00e9pard","og_description":"Pour plus d&rsquo;informations sur notre association, sur les activit\u00e9s que nous organisons, sortie circuit, rallye historique des routes du Vexin, r\u00e9unions, ou pour vous inscrire, &hellip;","og_url":"https:\/\/guepardonline.fr\/wp\/contactez-nous\/","og_site_name":"Ecurie Gu\u00e9pard","article_modified_time":"2021-05-28T10:03:02+00:00","twitter_card":"summary_large_image","schema":{"@context":"https:\/\/schema.org","@graph":[{"@type":"WebPage","@id":"https:\/\/guepardonline.fr\/wp\/contactez-nous\/","url":"https:\/\/guepardonline.fr\/wp\/contactez-nous\/","name":"Contactez nous! - Ecurie Gu\u00e9pard","isPartOf":{"@id":"https:\/\/guepardonline.fr\/wp\/#website"},"datePublished":"2021-05-28T10:01:37+00:00","dateModified":"2021-05-28T10:03:02+00:00","breadcrumb":{"@id":"https:\/\/guepardonline.fr\/wp\/contactez-nous\/#breadcrumb"},"inLanguage":"fr-FR","potentialAction":[{"@type":"ReadAction","target":["https:\/\/guepardonline.fr\/wp\/contactez-nous\/"]}]},{"@type":"BreadcrumbList","@id":"https:\/\/guepardonline.fr\/wp\/contactez-nous\/#breadcrumb","itemListElement":[{"@type":"ListItem","position":1,"name":"Accueil","item":"https:\/\/guepardonline.fr\/wp\/"},{"@type":"ListItem","position":2,"name":"Contactez nous!"}]},{"@type":"WebSite","@id":"https:\/\/guepardonline.fr\/wp\/#website","url":"https:\/\/guepardonline.fr\/wp\/","name":"Ecurie Gu\u00e9pard","description":"L&#039;actualit\u00e9 de l&#039;association sportive automobile Ecurie Gu\u00e9pard","potentialAction":[{"@type":"SearchAction","target":{"@type":"EntryPoint","urlTemplate":"https:\/\/guepardonline.fr\/wp\/?s={search_term_string}"},"query-input":{"@type":"PropertyValueSpecification","valueRequired":true,"valueName":"search_term_string"}}],"inLanguage":"fr-FR"}]}},"_links":{"self":[{"href":"https:\/\/guepardonline.fr\/wp\/wp-json\/wp\/v2\/pages\/403","targetHints":{"allow":["GET"]}}],"collection":[{"href":"https:\/\/guepardonline.fr\/wp\/wp-json\/wp\/v2\/pages"}],"about":[{"href":"https:\/\/guepardonline.fr\/wp\/wp-json\/wp\/v2\/types\/page"}],"author":[{"embeddable":true,"href":"https:\/\/guepardonline.fr\/wp\/wp-json\/wp\/v2\/users\/1"}],"replies":[{"embeddable":true,"href":"https:\/\/guepardonline.fr\/wp\/wp-json\/wp\/v2\/comments?post=403"}],"version-history":[{"count":2,"href":"https:\/\/guepardonline.fr\/wp\/wp-json\/wp\/v2\/pages\/403\/revisions"}],"predecessor-version":[{"id":406,"href":"https:\/\/guepardonline.fr\/wp\/wp-json\/wp\/v2\/pages\/403\/revisions\/406"}],"wp:attachment":[{"href":"https:\/\/guepardonline.fr\/wp\/wp-json\/wp\/v2\/media?parent=403"}],"curies":[{"name":"wp","href":"https:\/\/api.w.org\/{rel}","templated":true}]}}