{"id":163,"date":"2021-05-21T18:31:31","date_gmt":"2021-05-21T18:31:31","guid":{"rendered":"https:\/\/guepardonline.fr\/wp\/?page_id=163"},"modified":"2021-05-21T18:32:17","modified_gmt":"2021-05-21T18:32:17","slug":"archives-du-challenge-guepard-2007","status":"publish","type":"page","link":"https:\/\/guepardonline.fr\/wp\/archives-du-challenge-guepard-2007\/","title":{"rendered":"Le Challenge Gu\u00e9pard 2007"},"content":{"rendered":"<a href=\"https:\/\/guepardonline.fr\/wp\/wp-content\/uploads\/2021\/05\/Totaux-des-points-2007.pdf\" class=\"pdfemb-viewer\" style=\"width:800px;height:1100px;\" data-width=\"800\" data-height=\"1100\" data-toolbar=\"bottom\" data-toolbar-fixed=\"on\">Totaux-des-points-2007<\/a>\n<p class=\"wp-block-pdfemb-pdf-embedder-viewer\"><\/p>\n\n\n\n<hr class=\"wp-block-separator has-text-color has-background has-black-background-color has-black-color is-style-wide\"\/>\n","protected":false},"excerpt":{"rendered":"","protected":false},"author":1,"featured_media":0,"parent":0,"menu_order":0,"comment_status":"closed","ping_status":"closed","template":"","meta":{"footnotes":""},"class_list":["post-163","page","type-page","status-publish","hentry"],"yoast_head":"<!-- This site is optimized with the Yoast SEO plugin v26.5 - https:\/\/yoast.com\/wordpress\/plugins\/seo\/ -->\n<title>Le Challenge Gu\u00e9pard 2007 - Ecurie Gu\u00e9pard<\/title>\n<meta name=\"robots\" content=\"index, follow, max-snippet:-1, max-image-preview:large, max-video-preview:-1\" \/>\n<link rel=\"canonical\" href=\"https:\/\/guepardonline.fr\/wp\/archives-du-challenge-guepard-2007\/\" \/>\n<meta property=\"og:locale\" content=\"fr_FR\" \/>\n<meta property=\"og:type\" content=\"article\" \/>\n<meta property=\"og:title\" content=\"Le Challenge Gu\u00e9pard 2007 - Ecurie Gu\u00e9pard\" \/>\n<meta property=\"og:url\" content=\"https:\/\/guepardonline.fr\/wp\/archives-du-challenge-guepard-2007\/\" \/>\n<meta property=\"og:site_name\" content=\"Ecurie Gu\u00e9pard\" \/>\n<meta property=\"article:modified_time\" content=\"2021-05-21T18:32:17+00:00\" \/>\n<meta name=\"twitter:card\" content=\"summary_large_image\" \/>\n<script type=\"application\/ld+json\" class=\"yoast-schema-graph\">{\"@context\":\"https:\/\/schema.org\",\"@graph\":[{\"@type\":\"WebPage\",\"@id\":\"https:\/\/guepardonline.fr\/wp\/archives-du-challenge-guepard-2007\/\",\"url\":\"https:\/\/guepardonline.fr\/wp\/archives-du-challenge-guepard-2007\/\",\"name\":\"Le Challenge Gu\u00e9pard 2007 - Ecurie Gu\u00e9pard\",\"isPartOf\":{\"@id\":\"https:\/\/guepardonline.fr\/wp\/#website\"},\"datePublished\":\"2021-05-21T18:31:31+00:00\",\"dateModified\":\"2021-05-21T18:32:17+00:00\",\"breadcrumb\":{\"@id\":\"https:\/\/guepardonline.fr\/wp\/archives-du-challenge-guepard-2007\/#breadcrumb\"},\"inLanguage\":\"fr-FR\",\"potentialAction\":[{\"@type\":\"ReadAction\",\"target\":[\"https:\/\/guepardonline.fr\/wp\/archives-du-challenge-guepard-2007\/\"]}]},{\"@type\":\"BreadcrumbList\",\"@id\":\"https:\/\/guepardonline.fr\/wp\/archives-du-challenge-guepard-2007\/#breadcrumb\",\"itemListElement\":[{\"@type\":\"ListItem\",\"position\":1,\"name\":\"Accueil\",\"item\":\"https:\/\/guepardonline.fr\/wp\/\"},{\"@type\":\"ListItem\",\"position\":2,\"name\":\"Le Challenge Gu\u00e9pard 2007\"}]},{\"@type\":\"WebSite\",\"@id\":\"https:\/\/guepardonline.fr\/wp\/#website\",\"url\":\"https:\/\/guepardonline.fr\/wp\/\",\"name\":\"Ecurie Gu\u00e9pard\",\"description\":\"L&#039;actualit\u00e9 de l&#039;association sportive automobile Ecurie Gu\u00e9pard\",\"potentialAction\":[{\"@type\":\"SearchAction\",\"target\":{\"@type\":\"EntryPoint\",\"urlTemplate\":\"https:\/\/guepardonline.fr\/wp\/?s={search_term_string}\"},\"query-input\":{\"@type\":\"PropertyValueSpecification\",\"valueRequired\":true,\"valueName\":\"search_term_string\"}}],\"inLanguage\":\"fr-FR\"}]}<\/script>\n<!-- \/ Yoast SEO plugin. -->","yoast_head_json":{"title":"Le Challenge Gu\u00e9pard 2007 - Ecurie Gu\u00e9pard","robots":{"index":"index","follow":"follow","max-snippet":"max-snippet:-1","max-image-preview":"max-image-preview:large","max-video-preview":"max-video-preview:-1"},"canonical":"https:\/\/guepardonline.fr\/wp\/archives-du-challenge-guepard-2007\/","og_locale":"fr_FR","og_type":"article","og_title":"Le Challenge Gu\u00e9pard 2007 - Ecurie Gu\u00e9pard","og_url":"https:\/\/guepardonline.fr\/wp\/archives-du-challenge-guepard-2007\/","og_site_name":"Ecurie Gu\u00e9pard","article_modified_time":"2021-05-21T18:32:17+00:00","twitter_card":"summary_large_image","schema":{"@context":"https:\/\/schema.org","@graph":[{"@type":"WebPage","@id":"https:\/\/guepardonline.fr\/wp\/archives-du-challenge-guepard-2007\/","url":"https:\/\/guepardonline.fr\/wp\/archives-du-challenge-guepard-2007\/","name":"Le Challenge Gu\u00e9pard 2007 - Ecurie Gu\u00e9pard","isPartOf":{"@id":"https:\/\/guepardonline.fr\/wp\/#website"},"datePublished":"2021-05-21T18:31:31+00:00","dateModified":"2021-05-21T18:32:17+00:00","breadcrumb":{"@id":"https:\/\/guepardonline.fr\/wp\/archives-du-challenge-guepard-2007\/#breadcrumb"},"inLanguage":"fr-FR","potentialAction":[{"@type":"ReadAction","target":["https:\/\/guepardonline.fr\/wp\/archives-du-challenge-guepard-2007\/"]}]},{"@type":"BreadcrumbList","@id":"https:\/\/guepardonline.fr\/wp\/archives-du-challenge-guepard-2007\/#breadcrumb","itemListElement":[{"@type":"ListItem","position":1,"name":"Accueil","item":"https:\/\/guepardonline.fr\/wp\/"},{"@type":"ListItem","position":2,"name":"Le Challenge Gu\u00e9pard 2007"}]},{"@type":"WebSite","@id":"https:\/\/guepardonline.fr\/wp\/#website","url":"https:\/\/guepardonline.fr\/wp\/","name":"Ecurie Gu\u00e9pard","description":"L&#039;actualit\u00e9 de l&#039;association sportive automobile Ecurie Gu\u00e9pard","potentialAction":[{"@type":"SearchAction","target":{"@type":"EntryPoint","urlTemplate":"https:\/\/guepardonline.fr\/wp\/?s={search_term_string}"},"query-input":{"@type":"PropertyValueSpecification","valueRequired":true,"valueName":"search_term_string"}}],"inLanguage":"fr-FR"}]}},"_links":{"self":[{"href":"https:\/\/guepardonline.fr\/wp\/wp-json\/wp\/v2\/pages\/163","targetHints":{"allow":["GET"]}}],"collection":[{"href":"https:\/\/guepardonline.fr\/wp\/wp-json\/wp\/v2\/pages"}],"about":[{"href":"https:\/\/guepardonline.fr\/wp\/wp-json\/wp\/v2\/types\/page"}],"author":[{"embeddable":true,"href":"https:\/\/guepardonline.fr\/wp\/wp-json\/wp\/v2\/users\/1"}],"replies":[{"embeddable":true,"href":"https:\/\/guepardonline.fr\/wp\/wp-json\/wp\/v2\/comments?post=163"}],"version-history":[{"count":1,"href":"https:\/\/guepardonline.fr\/wp\/wp-json\/wp\/v2\/pages\/163\/revisions"}],"predecessor-version":[{"id":165,"href":"https:\/\/guepardonline.fr\/wp\/wp-json\/wp\/v2\/pages\/163\/revisions\/165"}],"wp:attachment":[{"href":"https:\/\/guepardonline.fr\/wp\/wp-json\/wp\/v2\/media?parent=163"}],"curies":[{"name":"wp","href":"https:\/\/api.w.org\/{rel}","templated":true}]}}